{"id":2544,"date":"2024-10-09T04:09:15","date_gmt":"2024-10-09T02:09:15","guid":{"rendered":"https:\/\/big4training.ch\/datenschutz\/"},"modified":"2025-08-27T15:50:53","modified_gmt":"2025-08-27T13:50:53","slug":"datenschutz","status":"publish","type":"page","link":"https:\/\/big4training.ch\/de\/datenschutz\/","title":{"rendered":"Datenschutz"},"content":{"rendered":"<h1>Datenschutzbestimmungen<\/h1>\n<p>Mit dieser Datenschutzrichtlinie informieren wir Sie \u00fcber die personenbezogenen Daten, die wir im Zusammenhang mit unseren Aktivit\u00e4ten, einschlie\u00dflich unserer <a href=\"mailto:info@progressive-coaching.ch\" target=\"_new\" rel=\"noopener\">Website<\/a>, verarbeiten. Wir informieren Sie insbesondere dar\u00fcber, zu welchem Zweck, wie und wo wir personenbezogene Daten verarbeiten. Au\u00dferdem informieren wir Sie \u00fcber die Rechte der Personen, deren Daten wir verarbeiten.  <\/p>\n<p>F\u00fcr bestimmte Aktivit\u00e4ten k\u00f6nnen zus\u00e4tzliche Datenschutzrichtlinien oder andere rechtliche Dokumente, wie z.B. Allgemeine Gesch\u00e4ftsbedingungen (AGB), Nutzungsbedingungen oder Teilnahmebedingungen, gelten.<\/p>\n<p><strong>1. Kontaktinformationen<\/strong><br \/>\nVerantwortlich f\u00fcr die Verarbeitung der pers\u00f6nlichen Daten:<br \/>\n<strong>Travis Simlinger<\/strong><br \/>\nRheingutstrasse 15<br \/>\n8253 Diessenhofen<br \/>\nSchweiz<\/p>\n<p>E-Mail: <a href=\"mailto:info@big4training.ch\"><span style=\"display:inline;unicode-bidi:bidi-override;direction:rtl;\" class=\"\">hc.gniniart4gib<span style=\"display:none;\">obfsctd-2f88aa<\/span>&#64;ofni<\/span><\/a><\/p>\n<p>Wir werden Sie im Einzelfall informieren, wenn andere Stellen f\u00fcr die Verarbeitung personenbezogener Daten verantwortlich sind.<\/p>\n<p><strong>2. Begriffe und Rechtsgrundlagen<\/strong><\/p>\n<p><strong>2.1 Begriffe<\/strong><br \/>\nPersonenbezogene Daten sind alle Informationen, die sich auf eine identifizierte oder identifizierbare Person beziehen. Ein Datensubjekt ist eine Person, deren pers\u00f6nliche Daten verarbeitet werden. <\/p>\n<p>Die Verarbeitung bezieht sich auf jeden Umgang mit personenbezogenen Daten, unabh\u00e4ngig von den verwendeten Werkzeugen oder Methoden, einschlie\u00dflich des Erfassens, Speicherns, \u00c4nderns oder L\u00f6schens personenbezogener Daten.<\/p>\n<p><strong>2.2 Rechtsgrundlagen<\/strong><br \/>\nWir verarbeiten personenbezogene Daten in \u00dcbereinstimmung mit dem schweizerischen Datenschutzrecht, einschlie\u00dflich des Bundesgesetzes \u00fcber den Datenschutz (DSG) und der Verordnung \u00fcber den Datenschutz (DSB).<\/p>\n<p><strong>3. Art, Umfang und Zweck<\/strong><br \/>\nWir verarbeiten nur die personenbezogenen Daten, die f\u00fcr die sichere, zuverl\u00e4ssige und benutzerfreundliche Ausf\u00fchrung unserer Aktivit\u00e4ten erforderlich sind. Solche personenbezogenen Daten k\u00f6nnen Kontaktdaten, Browser- und Ger\u00e4tedaten, Inhaltsdaten, Metadaten, Nutzungsdaten, Standortdaten, Verkaufsdaten sowie Vertrags- und Zahlungsdaten umfassen. <\/p>\n<p>Wir verarbeiten personenbezogene Daten so lange, wie es f\u00fcr den jeweiligen Zweck erforderlich ist oder wie es das Gesetz vorschreibt. Daten, die nicht mehr ben\u00f6tigt werden, werden entweder anonymisiert oder gel\u00f6scht. <\/p>\n<p>Wir k\u00f6nnen personenbezogene Daten mit Hilfe von Dritten verarbeiten. Wir stellen sicher, dass jeder beteiligte Dritte die gleichen Datenschutzstandards einh\u00e4lt. Wir verarbeiten personenbezogene Daten nur mit der Zustimmung der betroffenen Person, es sei denn, die Verarbeitung ist aus anderen Gr\u00fcnden gesetzlich zul\u00e4ssig.  <\/p>\n<p>Wir verarbeiten insbesondere Informationen, die uns von Personen zur Verf\u00fcgung gestellt werden, die freiwillig mit uns in Kontakt treten, z.B. per Post, E-Mail, Instant Messaging, Kontaktformular, sozialen Medien oder Telefon. Wir speichern solche Informationen in Systemen wie einem Adressbuch oder einem CRM-System. Wenn wir Daten \u00fcber andere Personen erhalten, muss die Person, die diese Daten zur Verf\u00fcgung stellt, die Einhaltung der Datenschutzbestimmungen und die Richtigkeit der Daten sicherstellen.  <\/p>\n<p>Wir k\u00f6nnen auch personenbezogene Daten verarbeiten, die wir von Dritten oder aus \u00f6ffentlichen Quellen erhalten haben oder die wir bei der Aus\u00fcbung unserer T\u00e4tigkeit gesammelt haben, soweit dies gesetzlich zul\u00e4ssig ist.<\/p>\n<p><strong>4. Pers\u00f6nliche Daten im Ausland<\/strong><br \/>\nWir verarbeiten pers\u00f6nliche Daten in der Regel in der Schweiz, k\u00f6nnen sie jedoch in andere L\u00e4nder \u00fcbermitteln, wenn dort ein angemessener Datenschutz gew\u00e4hrleistet ist. Dies gilt sowohl f\u00fcr L\u00e4nder mit gleichwertigem Datenschutz als auch, in Ausnahmef\u00e4llen, f\u00fcr L\u00e4nder ohne gleichwertigen Schutz, vorausgesetzt, dass andere rechtliche Garantien, wie z.B. Standardvertragsklauseln, vorhanden sind. Wir werden Ihnen auf Anfrage Informationen \u00fcber spezifische Schutzma\u00dfnahmen zur Verf\u00fcgung stellen.  <\/p>\n<p><strong>5. Rechte der betroffenen Personen<\/strong><\/p>\n<p><strong>5.1 Datenschutzrechte<\/strong><br \/>\nDie betroffenen Personen haben die folgenden Rechte:<\/p>\n<ul>\n<li><strong>Zugang<\/strong>: Fordern Sie eine Best\u00e4tigung an, ob wir personenbezogene Daten verarbeiten und erhalten Sie eine Kopie der verarbeiteten Daten.<\/li>\n<li><strong>Berichtigung und Einschr\u00e4nkung:<\/strong> Beantragen Sie die Berichtigung unrichtiger Daten oder die Einschr\u00e4nkung ihrer Verarbeitung.<\/li>\n<li><strong>L\u00f6schung und Einspruch:<\/strong> Beantragen Sie die L\u00f6schung personenbezogener Daten oder erheben Sie Widerspruch gegen deren k\u00fcnftige Verarbeitung.<\/li>\n<li><strong>Datentransfer<\/strong>: Request the transfer of personal data to another controller.<\/li>\n<\/ul>\n<p>Wir k\u00f6nnen die Aus\u00fcbung dieser Rechte in \u00dcbereinstimmung mit dem geltenden Recht verz\u00f6gern oder verweigern. So k\u00f6nnen beispielsweise Auskunftsersuchen abgelehnt werden, wenn sie Gesch\u00e4ftsgeheimnisse oder die Rechte anderer verletzen. Wir k\u00f6nnen uns auch weigern, Daten zu l\u00f6schen, die gesetzlichen Aufbewahrungspflichten unterliegen.  <\/p>\n<p>Wir behalten uns das Recht vor, in bestimmten F\u00e4llen eine Geb\u00fchr f\u00fcr die Aus\u00fcbung der Rechte der betroffenen Person zu erheben. Wir werden die betroffenen Personen im Voraus \u00fcber m\u00f6gliche Kosten informieren. <\/p>\n<p>Betroffene Personen m\u00fcssen bei der \u00dcberpr\u00fcfung ihrer Identit\u00e4t mitwirken, bevor sie ihre Rechte aus\u00fcben k\u00f6nnen.<\/p>\n<p><strong>5.2 Beschwerderecht<\/strong><br \/>\nBetroffene Personen k\u00f6nnen ihre Rechte auf dem Rechtsweg oder durch Einreichen einer Beschwerde bei der zust\u00e4ndigen Datenschutzbeh\u00f6rde durchsetzen.<\/p>\n<p>In der Schweiz ist der Eidgen\u00f6ssische Datenschutz- und \u00d6ffentlichkeitsbeauftragte (ED\u00d6B) die Aufsichtsbeh\u00f6rde f\u00fcr private Datenverwalter.<\/p>\n<p><strong>6. Datensicherheit<\/strong><br \/>\nWir setzen angemessene technische und organisatorische Ma\u00dfnahmen zur Gew\u00e4hrleistung der Datensicherheit ein. Dennoch k\u00f6nnen wir keine absolute Datensicherheit garantieren. <\/p>\n<p>Der Zugriff auf unsere Website ist durch Transportverschl\u00fcsselung (SSL\/TLS, auch bekannt als HTTPS) gesch\u00fctzt. Die meisten Browser zeigen die Transportverschl\u00fcsselung durch ein Vorh\u00e4ngeschloss-Symbol in der Adressleiste an. <\/p>\n<p>Die digitale Kommunikation unterliegt einer massiven \u00dcberwachung durch Sicherheitsbeh\u00f6rden in der Schweiz, Europa, den USA und anderen L\u00e4ndern. Wir haben keine Kontrolle \u00fcber die Verarbeitung personenbezogener Daten durch Geheimdienste, Polizeikr\u00e4fte oder andere Sicherheitsbeh\u00f6rden. <\/p>\n<p><strong>7. Nutzung der Website<\/strong><\/p>\n<p><strong>7.1 Cookies<\/strong><br \/>\nWir k\u00f6nnen Cookies verwenden, um die Funktionalit\u00e4t unserer Website zu optimieren. Cookies sind kleine Datendateien, die im Browser gespeichert werden, entweder als Session-Cookies (vor\u00fcbergehend) oder als permanente Cookies (f\u00fcr eine bestimmte Zeit). Cookies helfen uns, wiederkehrende Benutzer zu erkennen und die Reichweite unserer Website zu messen. Permanente Cookies k\u00f6nnen auch f\u00fcr Online-Marketingzwecke verwendet werden.   <\/p>\n<p>Cookies k\u00f6nnen in den Einstellungen des Browsers deaktiviert oder gel\u00f6scht werden, aber dies kann die Funktionalit\u00e4t der Website beeintr\u00e4chtigen. Wir k\u00f6nnen vor der Verwendung bestimmter Cookies um eine ausdr\u00fcckliche Zustimmung bitten. <\/p>\n<p>F\u00fcr Cookies, die f\u00fcr das Marketing oder die Reichweitenmessung verwendet werden, gibt es allgemeine Opt-out-Optionen \u00fcber Plattformen wie AdChoices (Digital Advertising Alliance of Canada), die Network Advertising Initiative (NAI) und Your Online Choices (European Interactive Digital Advertising Alliance, EDAA).<\/p>\n<p><strong>7.2 Server-Protokolldateien<\/strong><br \/>\nWir k\u00f6nnen bei jedem Zugriff auf unsere Website bestimmte Daten in Server-Protokolldateien erfassen und speichern. Zu diesen Daten geh\u00f6ren die IP-Adresse, Datum und Uhrzeit des Zugriffs, die angeforderte Ressource, Details zum Betriebssystem, Browserinformationen und die verweisende URL. <\/p>\n<p>Diese Aufzeichnungen helfen uns, den sicheren, zuverl\u00e4ssigen und benutzerfreundlichen Betrieb unserer Website zu gew\u00e4hrleisten und k\u00f6nnen zu Sicherheitszwecken verwendet werden.<\/p>\n<p><strong>7.3 Web Beacons<\/strong><br \/>\nWir k\u00f6nnen auf unserer Website Web Beacons (auch bekannt als Z\u00e4hlpixel) verwenden. Dabei handelt es sich um kleine, in der Regel unsichtbare Bilder, die automatisch abgerufen werden, wenn Sie unsere Website besuchen, und die es uns erm\u00f6glichen, \u00e4hnliche Informationen zu verfolgen wie die, die von Server-Logdateien erfasst werden. <\/p>\n<p><strong>8. Benachrichtigungen und Mitteilungen<\/strong><br \/>\nWir versenden Benachrichtigungen und Mitteilungen per E-Mail oder \u00fcber andere Kommunikationskan\u00e4le, wie Instant Messaging oder SMS.<\/p>\n<p><strong>8.1 Erfolgs- und Reichweitenmessung<\/strong><br \/>\nBenachrichtigungen und Mitteilungen k\u00f6nnen Tracking-Links oder Web-Beacons enthalten, um festzustellen, ob eine E-Mail ge\u00f6ffnet wurde und welche Links angeklickt wurden. So k\u00f6nnen wir den Erfolg und die Reichweite unserer Mitteilungen messen und sicherstellen, dass sie auf die Bed\u00fcrfnisse der Empf\u00e4nger zugeschnitten sind. <\/p>\n<p><strong>8.2 Zustimmung und Widerspruch<\/strong><br \/>\nF\u00fcr die Verwendung von E-Mail-Adressen und anderen Kontaktdaten ben\u00f6tigen wir in der Regel eine ausdr\u00fcckliche Zustimmung, sofern dies nicht gesetzlich zul\u00e4ssig ist. F\u00fcr die Zustimmung verwenden wir ein &#8222;Double-Opt-In&#8220;-Verfahren, bei dem die Empf\u00e4nger ihre Zustimmung \u00fcber einen Link in einer Folge-E-Mail best\u00e4tigen m\u00fcssen. <\/p>\n<p>Die Empf\u00e4nger k\u00f6nnen dem Erhalt von Benachrichtigungen und Mitteilungen, wie z. B. Newslettern, jederzeit widersprechen. Mit einem solchen Widerspruch k\u00f6nnen die Empf\u00e4nger auch das Tracking f\u00fcr die Erfolgs- und Reichweitenmessung ablehnen. <\/p>\n<p><strong>8.3 Dienstleister f\u00fcr Benachrichtigungen und Mitteilungen<\/strong><br \/>\nWir nutzen spezialisierte Dienstleister, um Benachrichtigungen und Mitteilungen zu versenden.<\/p>\n<p>Wir verwenden speziell:<\/p>\n<ul>\n<li><strong>Mailchimp<\/strong>: Kommunikationsplattform; Anbieter: The Rocket Science Group LLC DBA Mailchimp (USA), eine Tochtergesellschaft von Intuit Inc. (USA); Angaben zum Datenschutz: Intuit-Datenschutzrichtlinie, einschlie\u00dflich l\u00e4nder- und regionalspezifischer Bestimmungen, Mailchimp und EU-Daten\u00fcbertragungen, und Cookie-Richtlinie.<\/li>\n<\/ul>\n<p><strong>9. Soziale Medien<\/strong><br \/>\nWir sind auf Plattformen sozialer Medien pr\u00e4sent, um mit interessierten Personen zu kommunizieren und sie \u00fcber unsere Aktivit\u00e4ten zu informieren. Im Zusammenhang mit diesen Plattformen k\u00f6nnen Daten au\u00dferhalb der Schweiz verarbeitet werden. <\/p>\n<p>Es gelten die Nutzungsbedingungen und Datenschutzrichtlinien der jeweiligen Plattform, insbesondere in Bezug auf die Nutzerrechte.<\/p>\n<p><strong>10. Dienste von Drittanbietern<\/strong><br \/>\nWir nutzen Dienste von Drittanbietern, um den reibungslosen und sicheren Betrieb unserer Website und Dienste zu gew\u00e4hrleisten. Diese Anbieter k\u00f6nnen Benutzerdaten, wie z.B. IP-Adressen, sammeln und verarbeiten. <\/p>\n<p>Zu Sicherheits-, statistischen und technischen Zwecken verarbeiten einige Dienste Dritter Daten in aggregierter, anonymisierter oder pseudonymisierter Form. Zu diesen Anbietern geh\u00f6ren Dienste wie Hosting und Webmanagement. <\/p>\n<p><strong>10.1 Terminplanung<\/strong><br \/>\nWir nutzen Dienste von Drittanbietern, um die Online-Terminplanung, z.B. f\u00fcr Besprechungen, zu erleichtern. Zus\u00e4tzlich zu dieser Datenschutzrichtlinie k\u00f6nnen die Allgemeinen Gesch\u00e4ftsbedingungen oder Datenschutzrichtlinien der jeweiligen Dienste gelten. <\/p>\n<p><strong>10.2 Audio- und Videokonferenzen<\/strong><br \/>\nWir nutzen spezielle Dienste f\u00fcr Audio- und Videokonferenzen, um online zu kommunizieren. Diese Dienste erm\u00f6glichen es uns, virtuelle Meetings, Online-Kurse und Webinare abzuhalten. Es gelten die Datenschutzrichtlinien und Nutzungsbedingungen der jeweiligen Dienste, die f\u00fcr diese Konferenzen genutzt werden.  <\/p>\n<p><strong>10.3 Schriftarten<\/strong><br \/>\nWir verwenden f\u00fcr das Design und Layout unserer Website Standardschriftarten, die von der Astra-Vorlage bereitgestellt werden. Diese Schriftarten sind direkt in unsere Website integriert und erfordern nicht die Nutzung von Schriftartendiensten Dritter. <\/p>\n<p><strong>11. Website-Erweiterungen<\/strong><br \/>\nWir verwenden auf unserer Website Erweiterungen, um zus\u00e4tzliche Funktionalit\u00e4ten zu erm\u00f6glichen.<\/p>\n<p>Wir verwenden speziell:<\/p>\n<ul>\n<li><strong>Google reCAPTCHA<\/strong>: Spamschutz (zur Unterscheidung zwischen legitimen Kommentaren von Menschen und unerw\u00fcnschten Kommentaren von Bots oder Spam); Anbieter: Google; Google reCAPTCHA-spezifische Details: <a target=\"_new\" rel=\"noopener\">Was ist reCAPTCHA?<\/a><\/li>\n<\/ul>\n<p><strong>12. Erfolgs- und Reichweitenmessung<\/strong><br \/>\nWir bem\u00fchen uns zu messen, wie unser Online-Angebot genutzt wird. Dazu geh\u00f6ren die Bewertung des Erfolgs und der Reichweite unserer Aktivit\u00e4ten, die Auswirkungen von Links Dritter auf unsere Website und der Vergleich verschiedener Versionen unserer Online-Angebote (&#8222;A\/B-Tests&#8220;). Anhand der Ergebnisse versuchen wir, Fehler zu beheben, beliebte Inhalte zu st\u00e4rken oder unsere Online-Dienste zu verbessern.  <\/p>\n<p>F\u00fcr die Erfolgs- und Reichweitenmessung werden in der Regel die IP-Adressen der einzelnen Nutzer gespeichert, wobei diese in der Regel gek\u00fcrzt werden (&#8222;IP-Maskierung&#8220;), um dem Grundsatz der Datensparsamkeit zu folgen.<\/p>\n<p>Cookies k\u00f6nnen zur Erfolgs- und Reichweitenmessung verwendet werden, und es k\u00f6nnen Benutzerprofile erstellt werden. Diese Profile enthalten in der Regel besuchte Seiten, angesehene Inhalte und allgemeine Ger\u00e4teinformationen wie die Bildschirmgr\u00f6\u00dfe. Solche Profile sind in der Regel pseudonymisiert und werden nicht verwendet, um bestimmte Personen zu identifizieren. Wenn Nutzer bei Diensten von Drittanbietern, wie z.B. Google, angemeldet sind, kann ihre Nutzung unseres Online-Angebots mit ihrem Benutzerkonto oder Profil bei dem jeweiligen Dienst verkn\u00fcpft werden.   <\/p>\n<p>Wir verwenden speziell:<\/p>\n<ul>\n<li><strong>Google Analytics<\/strong>: Erfolgs- und Reichweitenmessung; Anbieter: Google; Google Analytics-spezifische Details: Ger\u00e4te\u00fcbergreifendes Tracking \u00fcber verschiedene Browser und Ger\u00e4te mit pseudonymisierten IP-Adressen. Die vollst\u00e4ndigen IP-Adressen werden nur in Ausnahmef\u00e4llen an Google in den USA \u00fcbertragen. <a target=\"_new\" rel=\"noopener\">Datenschutz<\/a>, <a target=\"_new\" rel=\"noopener\">Google Analytics Opt-out Add-on<\/a>. <\/li>\n<li><strong>Google Tag Manager<\/strong>: Einbettung und Verwaltung anderer Dienste zur Erfolgs- und Reichweitenmessung und zus\u00e4tzlicher Dienste von Google und Dritten; Anbieter: Google; Google Tag Manager-spezifische Details: <a target=\"_new\" rel=\"noopener\">Von Google Tag Manager erfasste Daten<\/a>. Weitere Details zum Datenschutz finden Sie bei den einzelnen Diensten, die \u00fcber Google Tag Manager eingebettet und verwaltet werden. <\/li>\n<\/ul>\n","protected":false},"excerpt":{"rendered":"<p>Datenschutzbestimmungen Mit dieser Datenschutzrichtlinie informieren wir Sie \u00fcber die personenbezogenen Daten, die wir im Zusammenhang mit unseren Aktivit\u00e4ten, einschlie\u00dflich unserer Website, verarbeiten. Wir informieren Sie insbesondere dar\u00fcber, zu welchem Zweck, wie und wo wir personenbezogene Daten verarbeiten. Au\u00dferdem informieren wir Sie \u00fcber die Rechte der Personen, deren Daten wir verarbeiten. F\u00fcr bestimmte Aktivit\u00e4ten k\u00f6nnen zus\u00e4tzliche [&hellip;]<\/p>\n","protected":false},"author":1,"featured_media":0,"parent":0,"menu_order":0,"comment_status":"closed","ping_status":"closed","template":"","meta":{"_uag_custom_page_level_css":"","site-sidebar-layout":"default","site-content-layout":"","ast-site-content-layout":"default","site-content-style":"default","site-sidebar-style":"default","ast-global-header-display":"","ast-banner-title-visibility":"","ast-main-header-display":"","ast-hfb-above-header-display":"","ast-hfb-below-header-display":"","ast-hfb-mobile-header-display":"","site-post-title":"","ast-breadcrumbs-content":"","ast-featured-img":"","footer-sml-layout":"","ast-disable-related-posts":"","theme-transparent-header-meta":"default","adv-header-id-meta":"","stick-header-meta":"default","header-above-stick-meta":"","header-main-stick-meta":"","header-below-stick-meta":"","astra-migrate-meta-layouts":"default","ast-page-background-enabled":"default","ast-page-background-meta":{"desktop":{"background-color":"","background-image":"","background-repeat":"repeat","background-position":"center center","background-size":"auto","background-attachment":"scroll","background-type":"","background-media":"","overlay-type":"","overlay-color":"","overlay-opacity":"","overlay-gradient":""},"tablet":{"background-color":"","background-image":"","background-repeat":"repeat","background-position":"center center","background-size":"auto","background-attachment":"scroll","background-type":"","background-media":"","overlay-type":"","overlay-color":"","overlay-opacity":"","overlay-gradient":""},"mobile":{"background-color":"","background-image":"","background-repeat":"repeat","background-position":"center center","background-size":"auto","background-attachment":"scroll","background-type":"","background-media":"","overlay-type":"","overlay-color":"","overlay-opacity":"","overlay-gradient":""}},"ast-content-background-meta":{"desktop":{"background-color":"var(--ast-global-color-5)","background-image":"","background-repeat":"repeat","background-position":"center center","background-size":"auto","background-attachment":"scroll","background-type":"","background-media":"","overlay-type":"","overlay-color":"","overlay-opacity":"","overlay-gradient":""},"tablet":{"background-color":"var(--ast-global-color-5)","background-image":"","background-repeat":"repeat","background-position":"center center","background-size":"auto","background-attachment":"scroll","background-type":"","background-media":"","overlay-type":"","overlay-color":"","overlay-opacity":"","overlay-gradient":""},"mobile":{"background-color":"var(--ast-global-color-5)","background-image":"","background-repeat":"repeat","background-position":"center center","background-size":"auto","background-attachment":"scroll","background-type":"","background-media":"","overlay-type":"","overlay-color":"","overlay-opacity":"","overlay-gradient":""}},"footnotes":""},"class_list":["post-2544","page","type-page","status-publish","hentry"],"uagb_featured_image_src":{"full":false,"thumbnail":false,"medium":false,"medium_large":false,"large":false,"1536x1536":false,"2048x2048":false},"uagb_author_info":{"display_name":"beyondweb_admin","author_link":"https:\/\/big4training.ch\/de\/author\/38f5868c7c109cc2\/"},"uagb_comment_info":0,"uagb_excerpt":"Datenschutzbestimmungen Mit dieser Datenschutzrichtlinie informieren wir Sie \u00fcber die personenbezogenen Daten, die wir im Zusammenhang mit unseren Aktivit\u00e4ten, einschlie\u00dflich unserer Website, verarbeiten. Wir informieren Sie insbesondere dar\u00fcber, zu welchem Zweck, wie und wo wir personenbezogene Daten verarbeiten. Au\u00dferdem informieren wir Sie \u00fcber die Rechte der Personen, deren Daten wir verarbeiten. F\u00fcr bestimmte Aktivit\u00e4ten k\u00f6nnen zus\u00e4tzliche&hellip;","_links":{"self":[{"href":"https:\/\/big4training.ch\/de\/wp-json\/wp\/v2\/pages\/2544","targetHints":{"allow":["GET"]}}],"collection":[{"href":"https:\/\/big4training.ch\/de\/wp-json\/wp\/v2\/pages"}],"about":[{"href":"https:\/\/big4training.ch\/de\/wp-json\/wp\/v2\/types\/page"}],"author":[{"embeddable":true,"href":"https:\/\/big4training.ch\/de\/wp-json\/wp\/v2\/users\/1"}],"replies":[{"embeddable":true,"href":"https:\/\/big4training.ch\/de\/wp-json\/wp\/v2\/comments?post=2544"}],"version-history":[{"count":1,"href":"https:\/\/big4training.ch\/de\/wp-json\/wp\/v2\/pages\/2544\/revisions"}],"predecessor-version":[{"id":3658,"href":"https:\/\/big4training.ch\/de\/wp-json\/wp\/v2\/pages\/2544\/revisions\/3658"}],"wp:attachment":[{"href":"https:\/\/big4training.ch\/de\/wp-json\/wp\/v2\/media?parent=2544"}],"curies":[{"name":"wp","href":"https:\/\/api.w.org\/{rel}","templated":true}]}}